{"id":4619,"date":"2021-03-25T10:40:32","date_gmt":"2021-03-25T09:40:32","guid":{"rendered":"https:\/\/www.promistyle.de\/?page_id=4619"},"modified":"2021-03-25T13:26:24","modified_gmt":"2021-03-25T12:26:24","slug":"wir-nutzen-affiliate-links-was-ist-das","status":"publish","type":"page","link":"https:\/\/www.promistyle.de\/?page_id=4619","title":{"rendered":"Wir nutzen Affiliate-Links &#8211; was ist das?"},"content":{"rendered":"\n<h4 class=\"custom-bottommargin wp-block-heading\" id=\"h-zu-den-artikeln-passende-produkt-vorschl-ge\" style=\"margin-bottom:25px\">Zu den Artikeln passende Produkt-Vorschl\u00e4ge <\/h4>\n\n\n\n<p>Wir pr\u00e4sentieren auf unserer Seite Affiliate-Links. Dort weisen wir auf Produkte und Shops hin, welche mit dem jeweiligen Artikel zu tun haben.<strong> Diese Links helfen uns PromiStyle zu finanzieren, die Geh\u00e4lter, Miete und sonstige Kosten zu bezahlen.<\/strong> Ihr werdet bei uns nat\u00fcrlich auch Werbebanner finden, aber \u00fcberm\u00e4\u00dfig fr\u00f6hliches Umherflattern \u00fcberlassen wir dann doch lieber den Piepm\u00e4tzen &#8230; <\/p>\n\n\n\n<h4 class=\"custom-bottommargin wp-block-heading\" id=\"h-produktvorschl-ge-mit-link-zum-shop-f-r-euch-nicht-teurer\" style=\"margin-bottom:25px\">Produktvorschl\u00e4ge mit Link zum Shop &#8211; f\u00fcr euch nicht teurer<\/h4>\n\n\n\n<p>Doch was sind diese Affiliate-Links? Wer auf einen unserer Produktvorschl\u00e4ge klickt, wird \u00fcber den hinterlegten Link zu dem entsprechenden Shop umgeleitet. <strong>Dort k\u00f6nnt ihr die begehrte Ware erwerben und der entsprechende Preis ist in der Regel derselbe, als wenn ihr den Shop direkt aufrufen w\u00fcrdet.<\/strong> Einziger Unterschied: wir bekommen im Falle eines Kauf eine Provision direkt vom Shop-Betreiber. Das bedeutet, es wird f\u00fcr euch nicht teurer und ihr helft uns, PromiStyle zu erhalten. <\/p>\n\n\n\n<h4 class=\"custom-bottommargin wp-block-heading\" id=\"h-unterst-tzt-gerne-den-lokalen-einzelhandel\" style=\"margin-bottom:25px\">Unterst\u00fctzt gerne den lokalen Einzelhandel<\/h4>\n\n\n\n<p>Auch in unserer Nachbarschaft haben wir viele kleinere und gr\u00f6\u00dfere L\u00e4den, die in liebevoller Weise f\u00fcr ihre Kunden da sind. Solltet ihr ein Produkt auch dort bekommen, dann tut es gerne. <strong>Unterst\u00fctzt den lokalen Einzelhandel, lasst euch beraten, haltet einen fr\u00f6hlichen Plausch.<\/strong> Das bringt uns zwar kein Geld in die Kasse, aber erh\u00e4lt uns allen langfristig ein St\u00fcck weit Lebensfreude &#8211; denn was kann es Sch\u00f6neres geben, als eine ausgedehnte Shopping-Tour im echten Leben?  <\/p>\n","protected":false},"excerpt":{"rendered":"<p>Zu den Artikeln passende Produkt-Vorschl\u00e4ge Wir pr\u00e4sentieren auf unserer Seite Affiliate-Links. Dort weisen wir auf Produkte und Shops hin, welche mit dem jeweiligen Artikel zu tun haben. Diese Links helfen uns PromiStyle zu finanzieren, die Geh\u00e4lter, Miete und sonstige Kosten zu bezahlen. Ihr werdet bei uns nat\u00fcrlich auch Werbebanner finden, aber \u00fcberm\u00e4\u00dfig fr\u00f6hliches Umherflattern \u00fcberlassen [&hellip;]<\/p>\n","protected":false},"author":1,"featured_media":4538,"parent":0,"menu_order":1000,"comment_status":"closed","ping_status":"closed","template":"","meta":{"_uag_custom_page_level_css":"","footnotes":""},"class_list":["post-4619","page","type-page","status-publish","has-post-thumbnail","hentry"],"yoast_head":"<!-- This site is optimized with the Yoast SEO plugin v26.6 - https:\/\/yoast.com\/wordpress\/plugins\/seo\/ -->\n<title>Wir nutzen Affiliate-Links - was ist das? - promistyle.de<\/title>\n<meta name=\"description\" content=\"Wir pr\u00e4sentieren auf unserer Seite Affiliate-Links. Dort weisen wir auf Produkte und Shops hin, welche mit dem jeweiligen Artikel zu tun ...\" \/>\n<meta name=\"robots\" content=\"index, follow, max-snippet:-1, max-image-preview:large, max-video-preview:-1\" \/>\n<link rel=\"canonical\" href=\"https:\/\/www.promistyle.de\/?page_id=4619\" \/>\n<meta property=\"og:locale\" content=\"de_DE\" \/>\n<meta property=\"og:type\" content=\"article\" \/>\n<meta property=\"og:title\" content=\"Wir nutzen Affiliate-Links - was ist das? - promistyle.de\" \/>\n<meta property=\"og:description\" content=\"Wir pr\u00e4sentieren auf unserer Seite Affiliate-Links. Dort weisen wir auf Produkte und Shops hin, welche mit dem jeweiligen Artikel zu tun ...\" \/>\n<meta property=\"og:url\" content=\"https:\/\/www.promistyle.de\/?page_id=4619\" \/>\n<meta property=\"og:site_name\" content=\"promistyle.de\" \/>\n<meta property=\"article:publisher\" content=\"https:\/\/www.facebook.com\/PromiStyle.de\" \/>\n<meta property=\"article:modified_time\" content=\"2021-03-25T12:26:24+00:00\" \/>\n<meta property=\"og:image\" content=\"https:\/\/www.promistyle.de\/wp-content\/uploads\/2021\/03\/Affiliate.jpg\" \/>\n\t<meta property=\"og:image:width\" content=\"1000\" \/>\n\t<meta property=\"og:image:height\" content=\"630\" \/>\n\t<meta property=\"og:image:type\" content=\"image\/jpeg\" \/>\n<meta name=\"twitter:card\" content=\"summary_large_image\" \/>\n<meta name=\"twitter:site\" content=\"@PromiStyle\" \/>\n<meta name=\"twitter:label1\" content=\"Gesch\u00e4tzte Lesezeit\" \/>\n\t<meta name=\"twitter:data1\" content=\"1\u00a0Minute\" \/>\n<script type=\"application\/ld+json\" class=\"yoast-schema-graph\">{\"@context\":\"https:\/\/schema.org\",\"@graph\":[{\"@type\":\"WebPage\",\"@id\":\"https:\/\/www.promistyle.de\/?page_id=4619\",\"url\":\"https:\/\/www.promistyle.de\/?page_id=4619\",\"name\":\"Wir nutzen Affiliate-Links - was ist das? - promistyle.de\",\"isPartOf\":{\"@id\":\"https:\/\/www.promistyle.de\/#website\"},\"primaryImageOfPage\":{\"@id\":\"https:\/\/www.promistyle.de\/?page_id=4619#primaryimage\"},\"image\":{\"@id\":\"https:\/\/www.promistyle.de\/?page_id=4619#primaryimage\"},\"thumbnailUrl\":\"https:\/\/www.promistyle.de\/wp-content\/uploads\/2021\/03\/Affiliate.jpg\",\"datePublished\":\"2021-03-25T09:40:32+00:00\",\"dateModified\":\"2021-03-25T12:26:24+00:00\",\"description\":\"Wir pr\u00e4sentieren auf unserer Seite Affiliate-Links. Dort weisen wir auf Produkte und Shops hin, welche mit dem jeweiligen Artikel zu tun ...\",\"breadcrumb\":{\"@id\":\"https:\/\/www.promistyle.de\/?page_id=4619#breadcrumb\"},\"inLanguage\":\"de\",\"potentialAction\":[{\"@type\":\"ReadAction\",\"target\":[\"https:\/\/www.promistyle.de\/?page_id=4619\"]}]},{\"@type\":\"ImageObject\",\"inLanguage\":\"de\",\"@id\":\"https:\/\/www.promistyle.de\/?page_id=4619#primaryimage\",\"url\":\"https:\/\/www.promistyle.de\/wp-content\/uploads\/2021\/03\/Affiliate.jpg\",\"contentUrl\":\"https:\/\/www.promistyle.de\/wp-content\/uploads\/2021\/03\/Affiliate.jpg\",\"width\":1000,\"height\":630,\"caption\":\"Affiliate\"},{\"@type\":\"BreadcrumbList\",\"@id\":\"https:\/\/www.promistyle.de\/?page_id=4619#breadcrumb\",\"itemListElement\":[{\"@type\":\"ListItem\",\"position\":1,\"name\":\"Startseite\",\"item\":\"https:\/\/www.promistyle.de\/\"},{\"@type\":\"ListItem\",\"position\":2,\"name\":\"Wir nutzen Affiliate-Links &#8211; was ist das?\"}]},{\"@type\":\"WebSite\",\"@id\":\"https:\/\/www.promistyle.de\/#website\",\"url\":\"https:\/\/www.promistyle.de\/\",\"name\":\"PromiStyle\",\"description\":\"Good Vibes Only\",\"publisher\":{\"@id\":\"https:\/\/www.promistyle.de\/#organization\"},\"potentialAction\":[{\"@type\":\"SearchAction\",\"target\":{\"@type\":\"EntryPoint\",\"urlTemplate\":\"https:\/\/www.promistyle.de\/?s={search_term_string}\"},\"query-input\":{\"@type\":\"PropertyValueSpecification\",\"valueRequired\":true,\"valueName\":\"search_term_string\"}}],\"inLanguage\":\"de\"},{\"@type\":\"Organization\",\"@id\":\"https:\/\/www.promistyle.de\/#organization\",\"name\":\"PromiStyle\",\"url\":\"https:\/\/www.promistyle.de\/\",\"logo\":{\"@type\":\"ImageObject\",\"inLanguage\":\"de\",\"@id\":\"https:\/\/www.promistyle.de\/#\/schema\/logo\/image\/\",\"url\":\"https:\/\/www.promistyle.de\/wp-content\/uploads\/2021\/03\/cropped-Logo-Style-09-04-20-1.png\",\"contentUrl\":\"https:\/\/www.promistyle.de\/wp-content\/uploads\/2021\/03\/cropped-Logo-Style-09-04-20-1.png\",\"width\":512,\"height\":512,\"caption\":\"PromiStyle\"},\"image\":{\"@id\":\"https:\/\/www.promistyle.de\/#\/schema\/logo\/image\/\"},\"sameAs\":[\"https:\/\/www.facebook.com\/PromiStyle.de\",\"https:\/\/x.com\/PromiStyle\",\"https:\/\/www.instagram.com\/promistyle\"]}]}<\/script>\n<!-- \/ Yoast SEO plugin. -->","yoast_head_json":{"title":"Wir nutzen Affiliate-Links - was ist das? - promistyle.de","description":"Wir pr\u00e4sentieren auf unserer Seite Affiliate-Links. Dort weisen wir auf Produkte und Shops hin, welche mit dem jeweiligen Artikel zu tun ...","robots":{"index":"index","follow":"follow","max-snippet":"max-snippet:-1","max-image-preview":"max-image-preview:large","max-video-preview":"max-video-preview:-1"},"canonical":"https:\/\/www.promistyle.de\/?page_id=4619","og_locale":"de_DE","og_type":"article","og_title":"Wir nutzen Affiliate-Links - was ist das? - promistyle.de","og_description":"Wir pr\u00e4sentieren auf unserer Seite Affiliate-Links. Dort weisen wir auf Produkte und Shops hin, welche mit dem jeweiligen Artikel zu tun ...","og_url":"https:\/\/www.promistyle.de\/?page_id=4619","og_site_name":"promistyle.de","article_publisher":"https:\/\/www.facebook.com\/PromiStyle.de","article_modified_time":"2021-03-25T12:26:24+00:00","og_image":[{"width":1000,"height":630,"url":"https:\/\/www.promistyle.de\/wp-content\/uploads\/2021\/03\/Affiliate.jpg","type":"image\/jpeg"}],"twitter_card":"summary_large_image","twitter_site":"@PromiStyle","twitter_misc":{"Gesch\u00e4tzte Lesezeit":"1\u00a0Minute"},"schema":{"@context":"https:\/\/schema.org","@graph":[{"@type":"WebPage","@id":"https:\/\/www.promistyle.de\/?page_id=4619","url":"https:\/\/www.promistyle.de\/?page_id=4619","name":"Wir nutzen Affiliate-Links - was ist das? - promistyle.de","isPartOf":{"@id":"https:\/\/www.promistyle.de\/#website"},"primaryImageOfPage":{"@id":"https:\/\/www.promistyle.de\/?page_id=4619#primaryimage"},"image":{"@id":"https:\/\/www.promistyle.de\/?page_id=4619#primaryimage"},"thumbnailUrl":"https:\/\/www.promistyle.de\/wp-content\/uploads\/2021\/03\/Affiliate.jpg","datePublished":"2021-03-25T09:40:32+00:00","dateModified":"2021-03-25T12:26:24+00:00","description":"Wir pr\u00e4sentieren auf unserer Seite Affiliate-Links. Dort weisen wir auf Produkte und Shops hin, welche mit dem jeweiligen Artikel zu tun ...","breadcrumb":{"@id":"https:\/\/www.promistyle.de\/?page_id=4619#breadcrumb"},"inLanguage":"de","potentialAction":[{"@type":"ReadAction","target":["https:\/\/www.promistyle.de\/?page_id=4619"]}]},{"@type":"ImageObject","inLanguage":"de","@id":"https:\/\/www.promistyle.de\/?page_id=4619#primaryimage","url":"https:\/\/www.promistyle.de\/wp-content\/uploads\/2021\/03\/Affiliate.jpg","contentUrl":"https:\/\/www.promistyle.de\/wp-content\/uploads\/2021\/03\/Affiliate.jpg","width":1000,"height":630,"caption":"Affiliate"},{"@type":"BreadcrumbList","@id":"https:\/\/www.promistyle.de\/?page_id=4619#breadcrumb","itemListElement":[{"@type":"ListItem","position":1,"name":"Startseite","item":"https:\/\/www.promistyle.de\/"},{"@type":"ListItem","position":2,"name":"Wir nutzen Affiliate-Links &#8211; was ist das?"}]},{"@type":"WebSite","@id":"https:\/\/www.promistyle.de\/#website","url":"https:\/\/www.promistyle.de\/","name":"PromiStyle","description":"Good Vibes Only","publisher":{"@id":"https:\/\/www.promistyle.de\/#organization"},"potentialAction":[{"@type":"SearchAction","target":{"@type":"EntryPoint","urlTemplate":"https:\/\/www.promistyle.de\/?s={search_term_string}"},"query-input":{"@type":"PropertyValueSpecification","valueRequired":true,"valueName":"search_term_string"}}],"inLanguage":"de"},{"@type":"Organization","@id":"https:\/\/www.promistyle.de\/#organization","name":"PromiStyle","url":"https:\/\/www.promistyle.de\/","logo":{"@type":"ImageObject","inLanguage":"de","@id":"https:\/\/www.promistyle.de\/#\/schema\/logo\/image\/","url":"https:\/\/www.promistyle.de\/wp-content\/uploads\/2021\/03\/cropped-Logo-Style-09-04-20-1.png","contentUrl":"https:\/\/www.promistyle.de\/wp-content\/uploads\/2021\/03\/cropped-Logo-Style-09-04-20-1.png","width":512,"height":512,"caption":"PromiStyle"},"image":{"@id":"https:\/\/www.promistyle.de\/#\/schema\/logo\/image\/"},"sameAs":["https:\/\/www.facebook.com\/PromiStyle.de","https:\/\/x.com\/PromiStyle","https:\/\/www.instagram.com\/promistyle"]}]}},"uagb_featured_image_src":{"full":["https:\/\/www.promistyle.de\/wp-content\/uploads\/2021\/03\/Affiliate.jpg",1000,630,false],"thumbnail":["https:\/\/www.promistyle.de\/wp-content\/uploads\/2021\/03\/Affiliate-150x150.jpg",150,150,true],"medium":["https:\/\/www.promistyle.de\/wp-content\/uploads\/2021\/03\/Affiliate-300x189.jpg",300,189,true],"medium_large":["https:\/\/www.promistyle.de\/wp-content\/uploads\/2021\/03\/Affiliate-768x484.jpg",768,484,true],"large":["https:\/\/www.promistyle.de\/wp-content\/uploads\/2021\/03\/Affiliate.jpg",1000,630,false],"gs-tiny":["https:\/\/www.promistyle.de\/wp-content\/uploads\/2021\/03\/Affiliate.jpg",50,32,false],"xl":["https:\/\/www.promistyle.de\/wp-content\/uploads\/2021\/03\/Affiliate.jpg",1000,630,false],"xxl":["https:\/\/www.promistyle.de\/wp-content\/uploads\/2021\/03\/Affiliate.jpg",1000,630,false],"xxxl":["https:\/\/www.promistyle.de\/wp-content\/uploads\/2021\/03\/Affiliate.jpg",1000,630,false],"xxxxl":["https:\/\/www.promistyle.de\/wp-content\/uploads\/2021\/03\/Affiliate.jpg",1000,630,false],"xxxxxl":["https:\/\/www.promistyle.de\/wp-content\/uploads\/2021\/03\/Affiliate.jpg",1000,630,false],"1536x1536":["https:\/\/www.promistyle.de\/wp-content\/uploads\/2021\/03\/Affiliate.jpg",1000,630,false],"2048x2048":["https:\/\/www.promistyle.de\/wp-content\/uploads\/2021\/03\/Affiliate.jpg",1000,630,false],"post-thumbnail":["https:\/\/www.promistyle.de\/wp-content\/uploads\/2021\/03\/Affiliate-1000x600.jpg",1000,600,true],"mvp-post-thumb":["https:\/\/www.promistyle.de\/wp-content\/uploads\/2021\/03\/Affiliate-1000x600.jpg",1000,600,true],"mvp-mid-thumb":["https:\/\/www.promistyle.de\/wp-content\/uploads\/2021\/03\/Affiliate-400x240.jpg",400,240,true],"mvp-small-thumb":["https:\/\/www.promistyle.de\/wp-content\/uploads\/2021\/03\/Affiliate-100x100.jpg",100,100,true]},"uagb_author_info":{"display_name":"Pascal","author_link":"https:\/\/www.promistyle.de\/?author=1"},"uagb_comment_info":0,"uagb_excerpt":"Zu den Artikeln passende Produkt-Vorschl\u00e4ge Wir pr\u00e4sentieren auf unserer Seite Affiliate-Links. Dort weisen wir auf Produkte und Shops hin, welche mit dem jeweiligen Artikel zu tun haben. Diese Links helfen uns PromiStyle zu finanzieren, die Geh\u00e4lter, Miete und sonstige Kosten zu bezahlen. Ihr werdet bei uns nat\u00fcrlich auch Werbebanner finden, aber \u00fcberm\u00e4\u00dfig fr\u00f6hliches Umherflattern \u00fcberlassen&hellip;","_links":{"self":[{"href":"https:\/\/www.promistyle.de\/index.php?rest_route=\/wp\/v2\/pages\/4619","targetHints":{"allow":["GET"]}}],"collection":[{"href":"https:\/\/www.promistyle.de\/index.php?rest_route=\/wp\/v2\/pages"}],"about":[{"href":"https:\/\/www.promistyle.de\/index.php?rest_route=\/wp\/v2\/types\/page"}],"author":[{"embeddable":true,"href":"https:\/\/www.promistyle.de\/index.php?rest_route=\/wp\/v2\/users\/1"}],"replies":[{"embeddable":true,"href":"https:\/\/www.promistyle.de\/index.php?rest_route=%2Fwp%2Fv2%2Fcomments&post=4619"}],"version-history":[{"count":1,"href":"https:\/\/www.promistyle.de\/index.php?rest_route=\/wp\/v2\/pages\/4619\/revisions"}],"predecessor-version":[{"id":4621,"href":"https:\/\/www.promistyle.de\/index.php?rest_route=\/wp\/v2\/pages\/4619\/revisions\/4621"}],"wp:featuredmedia":[{"embeddable":true,"href":"https:\/\/www.promistyle.de\/index.php?rest_route=\/wp\/v2\/media\/4538"}],"wp:attachment":[{"href":"https:\/\/www.promistyle.de\/index.php?rest_route=%2Fwp%2Fv2%2Fmedia&parent=4619"}],"curies":[{"name":"wp","href":"https:\/\/api.w.org\/{rel}","templated":true}]}}