{"id":3241,"date":"2021-01-07T18:57:55","date_gmt":"2021-01-07T17:57:55","guid":{"rendered":"https:\/\/www.promileaks.com\/?page_id=3241"},"modified":"2021-04-07T21:53:00","modified_gmt":"2021-04-07T19:53:00","slug":"gute-unterhaltung","status":"publish","type":"page","link":"https:\/\/www.promistyle.de\/?page_id=3241","title":{"rendered":"Gute Unterhaltung!"},"content":{"rendered":"\n<p>Wir m\u00f6chten euch das Leben etwas sch\u00f6ner machen, denn bei uns bleibt der normale Alltag vor der T\u00fcr. Unsere Philosophie: <strong>Unterhaltung soll unterhalten. Sie sollte den Alltag mit einer Prise leichter Gedankenlosigkeit w\u00fcrzen, ganz ohne den f\u00fcrs Lebens sonst so wichtigen tieferen Sinn oder Zweck.<\/strong> Unterhaltung sollte aufregend sein, aber nicht aufregen. <\/p>\n\n\n\n<blockquote class=\"wp-block-quote is-layout-flow wp-block-quote-is-layout-flow\"><p><em>Wir bieten einen Ort, an dem ihr euch am\u00fcsieren, lachen, wundern oder einfach nur abschalten k\u00f6nnt, eine virtuelle Sonnenliege am Strand des Lebens. Lasst die Seele im bewegten Meer der guten Laune baumeln &#8211; so einfach, so sch\u00f6n!<\/em><\/p><\/blockquote>\n\n\n\n<p>Das ist unsere Idee. Wir pr\u00e4sentieren euch die Promis, deren verr\u00fcckteste und aufregendste Geschichten wir (oder sie selbst) hier erz\u00e4hlen \u2026 Viel Spa\u00df auf unseren Seiten!<\/p>\n\n\n\n<p>Euer PromiStyle-Team<\/p>\n","protected":false},"excerpt":{"rendered":"<p>Wir m\u00f6chten euch das Leben etwas sch\u00f6ner machen, denn bei uns bleibt der normale Alltag vor der T\u00fcr. Unsere Philosophie: Unterhaltung soll unterhalten. Sie sollte den Alltag mit einer Prise leichter Gedankenlosigkeit w\u00fcrzen, ganz ohne den f\u00fcrs Lebens sonst so wichtigen tieferen Sinn oder Zweck. Unterhaltung sollte aufregend sein, aber nicht aufregen. Wir bieten einen [&hellip;]<\/p>\n","protected":false},"author":1,"featured_media":0,"parent":0,"menu_order":10,"comment_status":"closed","ping_status":"closed","template":"","meta":{"_uag_custom_page_level_css":"","footnotes":""},"class_list":["post-3241","page","type-page","status-publish","hentry"],"yoast_head":"<!-- This site is optimized with the Yoast SEO plugin v26.6 - https:\/\/yoast.com\/wordpress\/plugins\/seo\/ -->\n<title>Gute Unterhaltung! - promistyle.de<\/title>\n<meta name=\"robots\" content=\"index, follow, max-snippet:-1, max-image-preview:large, max-video-preview:-1\" \/>\n<link rel=\"canonical\" href=\"https:\/\/www.promistyle.de\/?page_id=3241\" \/>\n<meta property=\"og:locale\" content=\"de_DE\" \/>\n<meta property=\"og:type\" content=\"article\" \/>\n<meta property=\"og:title\" content=\"Gute Unterhaltung! - promistyle.de\" \/>\n<meta property=\"og:description\" content=\"Wir m\u00f6chten euch das Leben etwas sch\u00f6ner machen, denn bei uns bleibt der normale Alltag vor der T\u00fcr. Unsere Philosophie: Unterhaltung soll unterhalten. Sie sollte den Alltag mit einer Prise leichter Gedankenlosigkeit w\u00fcrzen, ganz ohne den f\u00fcrs Lebens sonst so wichtigen tieferen Sinn oder Zweck. Unterhaltung sollte aufregend sein, aber nicht aufregen. Wir bieten einen [&hellip;]\" \/>\n<meta property=\"og:url\" content=\"https:\/\/www.promistyle.de\/?page_id=3241\" \/>\n<meta property=\"og:site_name\" content=\"promistyle.de\" \/>\n<meta property=\"article:publisher\" content=\"https:\/\/www.facebook.com\/PromiStyle.de\" \/>\n<meta property=\"article:modified_time\" content=\"2021-04-07T19:53:00+00:00\" \/>\n<meta property=\"og:image\" content=\"https:\/\/www.promistyle.de\/wp-content\/uploads\/2021\/03\/cropped-Logo-Style-09-04-20-1.png\" \/>\n\t<meta property=\"og:image:width\" content=\"512\" \/>\n\t<meta property=\"og:image:height\" content=\"512\" \/>\n\t<meta property=\"og:image:type\" content=\"image\/png\" \/>\n<meta name=\"twitter:card\" content=\"summary_large_image\" \/>\n<meta name=\"twitter:site\" content=\"@PromiStyle\" \/>\n<meta name=\"twitter:label1\" content=\"Gesch\u00e4tzte Lesezeit\" \/>\n\t<meta name=\"twitter:data1\" content=\"1\u00a0Minute\" \/>\n<script type=\"application\/ld+json\" class=\"yoast-schema-graph\">{\"@context\":\"https:\/\/schema.org\",\"@graph\":[{\"@type\":\"WebPage\",\"@id\":\"https:\/\/www.promistyle.de\/?page_id=3241\",\"url\":\"https:\/\/www.promistyle.de\/?page_id=3241\",\"name\":\"Gute Unterhaltung! - promistyle.de\",\"isPartOf\":{\"@id\":\"https:\/\/www.promistyle.de\/#website\"},\"datePublished\":\"2021-01-07T17:57:55+00:00\",\"dateModified\":\"2021-04-07T19:53:00+00:00\",\"breadcrumb\":{\"@id\":\"https:\/\/www.promistyle.de\/?page_id=3241#breadcrumb\"},\"inLanguage\":\"de\",\"potentialAction\":[{\"@type\":\"ReadAction\",\"target\":[\"https:\/\/www.promistyle.de\/?page_id=3241\"]}]},{\"@type\":\"BreadcrumbList\",\"@id\":\"https:\/\/www.promistyle.de\/?page_id=3241#breadcrumb\",\"itemListElement\":[{\"@type\":\"ListItem\",\"position\":1,\"name\":\"Startseite\",\"item\":\"https:\/\/www.promistyle.de\/\"},{\"@type\":\"ListItem\",\"position\":2,\"name\":\"Gute Unterhaltung!\"}]},{\"@type\":\"WebSite\",\"@id\":\"https:\/\/www.promistyle.de\/#website\",\"url\":\"https:\/\/www.promistyle.de\/\",\"name\":\"PromiStyle\",\"description\":\"Good Vibes Only\",\"publisher\":{\"@id\":\"https:\/\/www.promistyle.de\/#organization\"},\"potentialAction\":[{\"@type\":\"SearchAction\",\"target\":{\"@type\":\"EntryPoint\",\"urlTemplate\":\"https:\/\/www.promistyle.de\/?s={search_term_string}\"},\"query-input\":{\"@type\":\"PropertyValueSpecification\",\"valueRequired\":true,\"valueName\":\"search_term_string\"}}],\"inLanguage\":\"de\"},{\"@type\":\"Organization\",\"@id\":\"https:\/\/www.promistyle.de\/#organization\",\"name\":\"PromiStyle\",\"url\":\"https:\/\/www.promistyle.de\/\",\"logo\":{\"@type\":\"ImageObject\",\"inLanguage\":\"de\",\"@id\":\"https:\/\/www.promistyle.de\/#\/schema\/logo\/image\/\",\"url\":\"https:\/\/www.promistyle.de\/wp-content\/uploads\/2021\/03\/cropped-Logo-Style-09-04-20-1.png\",\"contentUrl\":\"https:\/\/www.promistyle.de\/wp-content\/uploads\/2021\/03\/cropped-Logo-Style-09-04-20-1.png\",\"width\":512,\"height\":512,\"caption\":\"PromiStyle\"},\"image\":{\"@id\":\"https:\/\/www.promistyle.de\/#\/schema\/logo\/image\/\"},\"sameAs\":[\"https:\/\/www.facebook.com\/PromiStyle.de\",\"https:\/\/x.com\/PromiStyle\",\"https:\/\/www.instagram.com\/promistyle\"]}]}<\/script>\n<!-- \/ Yoast SEO plugin. -->","yoast_head_json":{"title":"Gute Unterhaltung! - promistyle.de","robots":{"index":"index","follow":"follow","max-snippet":"max-snippet:-1","max-image-preview":"max-image-preview:large","max-video-preview":"max-video-preview:-1"},"canonical":"https:\/\/www.promistyle.de\/?page_id=3241","og_locale":"de_DE","og_type":"article","og_title":"Gute Unterhaltung! - promistyle.de","og_description":"Wir m\u00f6chten euch das Leben etwas sch\u00f6ner machen, denn bei uns bleibt der normale Alltag vor der T\u00fcr. Unsere Philosophie: Unterhaltung soll unterhalten. Sie sollte den Alltag mit einer Prise leichter Gedankenlosigkeit w\u00fcrzen, ganz ohne den f\u00fcrs Lebens sonst so wichtigen tieferen Sinn oder Zweck. Unterhaltung sollte aufregend sein, aber nicht aufregen. Wir bieten einen [&hellip;]","og_url":"https:\/\/www.promistyle.de\/?page_id=3241","og_site_name":"promistyle.de","article_publisher":"https:\/\/www.facebook.com\/PromiStyle.de","article_modified_time":"2021-04-07T19:53:00+00:00","og_image":[{"width":512,"height":512,"url":"https:\/\/www.promistyle.de\/wp-content\/uploads\/2021\/03\/cropped-Logo-Style-09-04-20-1.png","type":"image\/png"}],"twitter_card":"summary_large_image","twitter_site":"@PromiStyle","twitter_misc":{"Gesch\u00e4tzte Lesezeit":"1\u00a0Minute"},"schema":{"@context":"https:\/\/schema.org","@graph":[{"@type":"WebPage","@id":"https:\/\/www.promistyle.de\/?page_id=3241","url":"https:\/\/www.promistyle.de\/?page_id=3241","name":"Gute Unterhaltung! - promistyle.de","isPartOf":{"@id":"https:\/\/www.promistyle.de\/#website"},"datePublished":"2021-01-07T17:57:55+00:00","dateModified":"2021-04-07T19:53:00+00:00","breadcrumb":{"@id":"https:\/\/www.promistyle.de\/?page_id=3241#breadcrumb"},"inLanguage":"de","potentialAction":[{"@type":"ReadAction","target":["https:\/\/www.promistyle.de\/?page_id=3241"]}]},{"@type":"BreadcrumbList","@id":"https:\/\/www.promistyle.de\/?page_id=3241#breadcrumb","itemListElement":[{"@type":"ListItem","position":1,"name":"Startseite","item":"https:\/\/www.promistyle.de\/"},{"@type":"ListItem","position":2,"name":"Gute Unterhaltung!"}]},{"@type":"WebSite","@id":"https:\/\/www.promistyle.de\/#website","url":"https:\/\/www.promistyle.de\/","name":"PromiStyle","description":"Good Vibes Only","publisher":{"@id":"https:\/\/www.promistyle.de\/#organization"},"potentialAction":[{"@type":"SearchAction","target":{"@type":"EntryPoint","urlTemplate":"https:\/\/www.promistyle.de\/?s={search_term_string}"},"query-input":{"@type":"PropertyValueSpecification","valueRequired":true,"valueName":"search_term_string"}}],"inLanguage":"de"},{"@type":"Organization","@id":"https:\/\/www.promistyle.de\/#organization","name":"PromiStyle","url":"https:\/\/www.promistyle.de\/","logo":{"@type":"ImageObject","inLanguage":"de","@id":"https:\/\/www.promistyle.de\/#\/schema\/logo\/image\/","url":"https:\/\/www.promistyle.de\/wp-content\/uploads\/2021\/03\/cropped-Logo-Style-09-04-20-1.png","contentUrl":"https:\/\/www.promistyle.de\/wp-content\/uploads\/2021\/03\/cropped-Logo-Style-09-04-20-1.png","width":512,"height":512,"caption":"PromiStyle"},"image":{"@id":"https:\/\/www.promistyle.de\/#\/schema\/logo\/image\/"},"sameAs":["https:\/\/www.facebook.com\/PromiStyle.de","https:\/\/x.com\/PromiStyle","https:\/\/www.instagram.com\/promistyle"]}]}},"uagb_featured_image_src":{"full":false,"thumbnail":false,"medium":false,"medium_large":false,"large":false,"gs-tiny":false,"xl":false,"xxl":false,"xxxl":false,"xxxxl":false,"xxxxxl":false,"1536x1536":false,"2048x2048":false,"post-thumbnail":false,"mvp-post-thumb":false,"mvp-mid-thumb":false,"mvp-small-thumb":false},"uagb_author_info":{"display_name":"Pascal","author_link":"https:\/\/www.promistyle.de\/?author=1"},"uagb_comment_info":0,"uagb_excerpt":"Wir m\u00f6chten euch das Leben etwas sch\u00f6ner machen, denn bei uns bleibt der normale Alltag vor der T\u00fcr. Unsere Philosophie: Unterhaltung soll unterhalten. Sie sollte den Alltag mit einer Prise leichter Gedankenlosigkeit w\u00fcrzen, ganz ohne den f\u00fcrs Lebens sonst so wichtigen tieferen Sinn oder Zweck. Unterhaltung sollte aufregend sein, aber nicht aufregen. Wir bieten einen&hellip;","_links":{"self":[{"href":"https:\/\/www.promistyle.de\/index.php?rest_route=\/wp\/v2\/pages\/3241","targetHints":{"allow":["GET"]}}],"collection":[{"href":"https:\/\/www.promistyle.de\/index.php?rest_route=\/wp\/v2\/pages"}],"about":[{"href":"https:\/\/www.promistyle.de\/index.php?rest_route=\/wp\/v2\/types\/page"}],"author":[{"embeddable":true,"href":"https:\/\/www.promistyle.de\/index.php?rest_route=\/wp\/v2\/users\/1"}],"replies":[{"embeddable":true,"href":"https:\/\/www.promistyle.de\/index.php?rest_route=%2Fwp%2Fv2%2Fcomments&post=3241"}],"version-history":[{"count":8,"href":"https:\/\/www.promistyle.de\/index.php?rest_route=\/wp\/v2\/pages\/3241\/revisions"}],"predecessor-version":[{"id":5160,"href":"https:\/\/www.promistyle.de\/index.php?rest_route=\/wp\/v2\/pages\/3241\/revisions\/5160"}],"wp:attachment":[{"href":"https:\/\/www.promistyle.de\/index.php?rest_route=%2Fwp%2Fv2%2Fmedia&parent=3241"}],"curies":[{"name":"wp","href":"https:\/\/api.w.org\/{rel}","templated":true}]}}